{"id":324,"date":"2020-05-20T19:00:05","date_gmt":"2020-05-20T19:00:05","guid":{"rendered":"https:\/\/gpsites.co\/target\/?page_id=324"},"modified":"2026-04-02T20:32:36","modified_gmt":"2026-04-02T20:32:36","slug":"home","status":"publish","type":"page","link":"https:\/\/huskvarnamtbtour.se\/","title":{"rendered":""},"content":{"rendered":"<div class=\"gb-container gb-container-7a751b99\">\n<div class=\"gb-container gb-container-67d0c1f9\">\n<div class=\"gb-container gb-container-db1348b6\">\n<div class=\"gb-container gb-container-bf2bd582\">\n<div class=\"gb-container gb-container-da194442\"><div class=\"gb-inside-container\">\n\n<figure class=\"wp-block-image size-large\"><img fetchpriority=\"high\" decoding=\"async\" width=\"1024\" height=\"478\" src=\"http:\/\/huskvarnamtbtour.se\/wp-content\/uploads\/2023\/02\/00-DSC_6912-kopia-scaled-e1699372587591-1024x478.jpg\" alt=\"\" class=\"wp-image-468\" srcset=\"https:\/\/huskvarnamtbtour.se\/wp-content\/uploads\/2023\/02\/00-DSC_6912-kopia-scaled-e1699372587591-1024x478.jpg 1024w, https:\/\/huskvarnamtbtour.se\/wp-content\/uploads\/2023\/02\/00-DSC_6912-kopia-scaled-e1699372587591-300x140.jpg 300w, https:\/\/huskvarnamtbtour.se\/wp-content\/uploads\/2023\/02\/00-DSC_6912-kopia-scaled-e1699372587591-768x359.jpg 768w, https:\/\/huskvarnamtbtour.se\/wp-content\/uploads\/2023\/02\/00-DSC_6912-kopia-scaled-e1699372587591-1536x718.jpg 1536w, https:\/\/huskvarnamtbtour.se\/wp-content\/uploads\/2023\/02\/00-DSC_6912-kopia-scaled-e1699372587591-2048x957.jpg 2048w\" sizes=\"(max-width: 1024px) 100vw, 1024px\" \/><\/figure>\n\n\n\n<h1 class=\"gb-headline gb-headline-85d80fc3 gb-headline-text\"><br>HUSKVARNA MTB TOUR<\/h1>\n\n\n\n<h4 class=\"gb-headline gb-headline-df9c2c0d gb-headline-text\">14-16 MAY 2026 \/ 14-16 MAJ 2026<\/h4>\n\n\n\n<p class=\"has-text-align-center\">Three days, three different forms of competition, one winner. The overall winner in each class is the one with the shortest total ride time combined from the three races. After each completed competition, leader&#8217;s jerseys are distributed. To win the tour you need to start every day!<\/p>\n\n\n\n<p>Tre dagar, tre olika t\u00e4vlingsformer, en vinnare. Totalsegraren i respektive klass \u00e4r den med kortast total \u00e5ktid sammanlagt fr\u00e5n de tre racen. Efter varje avslutad t\u00e4vlingsdag delas det ut ledartr\u00f6jor. F\u00f6r att bli vinnare av touren kr\u00e4vs start alla dagar!&nbsp;<br><\/p>\n\n\n<div class=\"gb-container gb-container-9c07b4c4\">\n<div class=\"gb-container gb-container-e4e42560\">\n<div class=\"gb-container gb-container-3f75a189\">\n<div class=\"gb-container gb-container-c27a5e30\">\n<div class=\"gb-container gb-container-bb4a2c2f\">\n<div class=\"gb-container gb-container-8b50aba7\">\n\n<a class=\"gb-button gb-button-b368427d gb-button-text\" href=\"https:\/\/www.sportstiming.se\/event\/17879\">Registration \/ anm\u00e4lan <\/a>\n\n<\/div>\n<\/div>\n<\/div>\n<\/div>\n<\/div>\n<\/div>\n<\/div><\/div>\n<\/div>\n<\/div>\n<\/div>\n<\/div>\n\n\n<div class=\"wp-block-columns is-layout-flex wp-container-core-columns-is-layout-9d6595d7 wp-block-columns-is-layout-flex\">\n<div class=\"wp-block-column is-layout-flow wp-block-column-is-layout-flow\">\n<h3 class=\"wp-block-heading has-text-align-center\">OUR SPONSOR \/ V\u00c5RA SPONSORER<\/h3>\n<\/div>\n<\/div>\n\n\n\n<figure class=\"gb-block-image gb-block-image-82140383\"><img decoding=\"async\" width=\"1920\" height=\"1080\" class=\"gb-image gb-image-82140383\" src=\"http:\/\/huskvarnamtbtour.se\/wp-content\/uploads\/2025\/03\/Vara-sponorer.jpg\" alt=\"\" title=\"V\u00e5ra sponorer\" srcset=\"https:\/\/huskvarnamtbtour.se\/wp-content\/uploads\/2025\/03\/Vara-sponorer.jpg 1920w, https:\/\/huskvarnamtbtour.se\/wp-content\/uploads\/2025\/03\/Vara-sponorer-300x169.jpg 300w, https:\/\/huskvarnamtbtour.se\/wp-content\/uploads\/2025\/03\/Vara-sponorer-1024x576.jpg 1024w, https:\/\/huskvarnamtbtour.se\/wp-content\/uploads\/2025\/03\/Vara-sponorer-768x432.jpg 768w, https:\/\/huskvarnamtbtour.se\/wp-content\/uploads\/2025\/03\/Vara-sponorer-1536x864.jpg 1536w\" sizes=\"(max-width: 1920px) 100vw, 1920px\" \/><\/figure>\n","protected":false},"excerpt":{"rendered":"<p>HUSKVARNA MTB TOUR 14-16 MAY 2026 \/ 14-16 MAJ 2026 Three days, three different forms of competition, one winner. The overall winner in each class is the one with the shortest total ride time combined from the three races. After each completed competition, leader&#8217;s jerseys are distributed. To win the tour you need to start [&hellip;]<\/p>\n","protected":false},"author":1,"featured_media":0,"parent":0,"menu_order":0,"comment_status":"closed","ping_status":"closed","template":"","meta":{"footnotes":""},"class_list":["post-324","page","type-page","status-publish","hentry"],"_links":{"self":[{"href":"https:\/\/huskvarnamtbtour.se\/index.php?rest_route=\/wp\/v2\/pages\/324","targetHints":{"allow":["GET"]}}],"collection":[{"href":"https:\/\/huskvarnamtbtour.se\/index.php?rest_route=\/wp\/v2\/pages"}],"about":[{"href":"https:\/\/huskvarnamtbtour.se\/index.php?rest_route=\/wp\/v2\/types\/page"}],"author":[{"embeddable":true,"href":"https:\/\/huskvarnamtbtour.se\/index.php?rest_route=\/wp\/v2\/users\/1"}],"replies":[{"embeddable":true,"href":"https:\/\/huskvarnamtbtour.se\/index.php?rest_route=%2Fwp%2Fv2%2Fcomments&post=324"}],"version-history":[{"count":47,"href":"https:\/\/huskvarnamtbtour.se\/index.php?rest_route=\/wp\/v2\/pages\/324\/revisions"}],"predecessor-version":[{"id":596,"href":"https:\/\/huskvarnamtbtour.se\/index.php?rest_route=\/wp\/v2\/pages\/324\/revisions\/596"}],"wp:attachment":[{"href":"https:\/\/huskvarnamtbtour.se\/index.php?rest_route=%2Fwp%2Fv2%2Fmedia&parent=324"}],"curies":[{"name":"wp","href":"https:\/\/api.w.org\/{rel}","templated":true}]}}